{"id":31,"date":"2025-09-17T13:45:10","date_gmt":"2025-09-17T13:45:10","guid":{"rendered":"https:\/\/viridia.si\/?page_id=31"},"modified":"2025-09-18T07:55:31","modified_gmt":"2025-09-18T07:55:31","slug":"services","status":"publish","type":"page","link":"https:\/\/viridia.si\/?page_id=31","title":{"rendered":"Services"},"content":{"rendered":"\n\n\n\n\n\n\n\n\n\n\n<h2>Storitve<\/h2>\n\n\n\n<h2>Storitve<\/h2>\n\n\n\n<h2>Organiziramo izobra\u017eevalne delavnice o zeleni oskrbi in oblikovanju ambientov.<\/h2>\n\n\n\n\n\n\n\n\n\n<h2>Na\u0161e Storitve<\/h2>\n\n\n\n<h2>Odkrijte na\u0161o \u0161iroko paleto storitev, ki so zasnovane tako, da prinesejo naravo v va\u0161 dom ali poslovni prostor, od zasnove zelenih sten do buti\u010dnih vrtov.<\/h2>\n\n\n\n\n\n\n\n<span style=\"color:#bbbbbb\">Oblikujemo in postavljamo zelene stene, ki notranje in zunanje prostore spremenijo v dih jemajo\u010de zelene oaze.<\/span>\n\n\n\n<span style=\"color:#bbbbbb\">Zagotavljamo redno oskrbo, strokovno svetovanje ter dolgoro\u010dno nego, da va\u0161 zeleni ambient ostane \u017eiv, zdrav in popoln.<\/span>\n\n\n\n\n\n\n\n\n\n<span style=\"color:#bbbbbb\"><span style=\"color:#bbbbbb\">Urejamo vrtove, ki odra\u017eajo individualnost in eleganco \u2013 od majhnih urbanih koti\u010dkov do razko\u0161nih zasebnih vrtov.<\/span><\/span>\n\n\n\n\n\n\n\n<h2>Prijavite se na na\u0161e novice<\/h2>\n\n\n\n\n\n<h2>Bodite obve\u0161\u010deni o na\u0161ih zadnjih projektih in novostih.<\/h2>\n\n\n\n\n\n\n\n\n\n\n\n\n\n<h2>Na\u0161a Galerija<\/h2>\n\n\n\n\n\n\n\n\n\n\n\n\n\n\n\n\n\n\n\n\n\n\n","protected":false},"excerpt":{"rendered":"","protected":false},"author":1,"featured_media":0,"parent":0,"menu_order":0,"comment_status":"closed","ping_status":"closed","template":"","meta":{"pagelayer_contact_templates":[],"_pagelayer_content":"","footnotes":""},"class_list":["post-31","page","type-page","status-publish","hentry"],"_links":{"self":[{"href":"https:\/\/viridia.si\/index.php?rest_route=\/wp\/v2\/pages\/31","targetHints":{"allow":["GET"]}}],"collection":[{"href":"https:\/\/viridia.si\/index.php?rest_route=\/wp\/v2\/pages"}],"about":[{"href":"https:\/\/viridia.si\/index.php?rest_route=\/wp\/v2\/types\/page"}],"author":[{"embeddable":true,"href":"https:\/\/viridia.si\/index.php?rest_route=\/wp\/v2\/users\/1"}],"replies":[{"embeddable":true,"href":"https:\/\/viridia.si\/index.php?rest_route=%2Fwp%2Fv2%2Fcomments&post=31"}],"version-history":[{"count":2,"href":"https:\/\/viridia.si\/index.php?rest_route=\/wp\/v2\/pages\/31\/revisions"}],"predecessor-version":[{"id":46,"href":"https:\/\/viridia.si\/index.php?rest_route=\/wp\/v2\/pages\/31\/revisions\/46"}],"wp:attachment":[{"href":"https:\/\/viridia.si\/index.php?rest_route=%2Fwp%2Fv2%2Fmedia&parent=31"}],"curies":[{"name":"wp","href":"https:\/\/api.w.org\/{rel}","templated":true}]}}