{"id":30,"date":"2025-09-17T13:45:10","date_gmt":"2025-09-17T13:45:10","guid":{"rendered":"https:\/\/viridia.si\/?page_id=30"},"modified":"2025-09-18T16:37:53","modified_gmt":"2025-09-18T16:37:53","slug":"home","status":"publish","type":"page","link":"https:\/\/viridia.si\/","title":{"rendered":"Creating Living Spaces with Nature"},"content":{"rendered":"\n\n\n\n\n<h2>O Nas<\/h2>\n\n\n\n<h2>Na\u0161a Poslanstvo<\/h2>\n\n\n\n<h2>Na\u0161a misija je ustvariti prostore, ki povezujejo naravo in ljudi ter zagotavljajo trajnostne in estetske re\u0161itve.<\/h2>\n\n\n\n<span style=\"color:#bbbbbb\">Na\u0161e zasnove temeljijo na trajnostnih praksah, ki podpirajo okolje in va\u0161o zdravje.<\/span>\n\n\n\n<span style=\"color:#bbbbbb\">Zeleno oblikovanje, ki pove\u010duje vrednost va\u0161ega doma.<\/span>\n\n\n\n\n\n\n\n\n\n\n\n\n\n<h2>Na\u0161e Storitve<\/h2>\n\n\n\n<h2>Odkrijte na\u0161o \u0161iroko paleto storitev, ki so zasnovane tako, da prinesejo naravo v va\u0161 dom ali poslovni prostor, od zasnove zelenih sten do buti\u010dnih vrtov.<\/h2>\n\n\n\n\n\n\n\n<span>Povrnite \u017eivljenje v svoje prostore z na\u0161imi edinstvenimi in prilagojenimi zelenimi stenami, ki dodajajo toplino in sve\u017eino vsakemu okolju.<\/span>\n\n\n\n\n\n<span style=\"color:#bbbbbb\">Ustvarimo buti\u010dne vrtove, ki so privla\u010dni in harmoni\u010dni, in vna\u0161ajo naravo v \u017eivljenje v mestnih okoljih.<\/span>\n\n\n\n<span style=\"color:#bbbbbb\">Zagotavljamo redno oskrbo in vzdr\u017eevanje, da va\u0161i zeleni prostori ostanejo vedno v top formi.<\/span>\n\n\n\n\n\n\n\n\n\n\n\n<h2>Kontaktirajte Nas<\/h2>\n\n\n\n<h2>Za\u010dnite svojo pot do zelenih ambientov \u0161e danes!<\/h2>\n\n\n\n\n\n\n\n\n\n<h2>Na\u0161a Ekipa<\/h2>\n\n\n\n\n\n\n\n\n\n\n\n\n\n<span style=\"color:#bbbbbb\">Glavni Oblikovalec<\/span>\n\n\n\n\n\n\n\n\n\n\n\n\n\n\n\n\n\n\n\n<span style=\"color:#bbbbbb\">Strokovnjakinja za Zelenje<\/span>\n\n\n\n\n\n\n\n\n\n\n\n\n\n\n\n\n\n\n\n<span style=\"color:#bbbbbb\">Vodja Projektov<\/span>\n\n\n\n\n\n\n\n\n\n\n\n\n\n\n","protected":false},"excerpt":{"rendered":"","protected":false},"author":1,"featured_media":0,"parent":0,"menu_order":0,"comment_status":"closed","ping_status":"closed","template":"","meta":{"pagelayer_contact_templates":[],"_pagelayer_content":"","footnotes":""},"class_list":["post-30","page","type-page","status-publish","hentry"],"_links":{"self":[{"href":"https:\/\/viridia.si\/index.php?rest_route=\/wp\/v2\/pages\/30","targetHints":{"allow":["GET"]}}],"collection":[{"href":"https:\/\/viridia.si\/index.php?rest_route=\/wp\/v2\/pages"}],"about":[{"href":"https:\/\/viridia.si\/index.php?rest_route=\/wp\/v2\/types\/page"}],"author":[{"embeddable":true,"href":"https:\/\/viridia.si\/index.php?rest_route=\/wp\/v2\/users\/1"}],"replies":[{"embeddable":true,"href":"https:\/\/viridia.si\/index.php?rest_route=%2Fwp%2Fv2%2Fcomments&post=30"}],"version-history":[{"count":2,"href":"https:\/\/viridia.si\/index.php?rest_route=\/wp\/v2\/pages\/30\/revisions"}],"predecessor-version":[{"id":59,"href":"https:\/\/viridia.si\/index.php?rest_route=\/wp\/v2\/pages\/30\/revisions\/59"}],"wp:attachment":[{"href":"https:\/\/viridia.si\/index.php?rest_route=%2Fwp%2Fv2%2Fmedia&parent=30"}],"curies":[{"name":"wp","href":"https:\/\/api.w.org\/{rel}","templated":true}]}}