{"id":28,"date":"2025-09-17T13:45:10","date_gmt":"2025-09-17T13:45:10","guid":{"rendered":"https:\/\/viridia.si\/?page_id=28"},"modified":"2025-09-18T07:50:32","modified_gmt":"2025-09-18T07:50:32","slug":"about","status":"publish","type":"page","link":"https:\/\/viridia.si\/?page_id=28","title":{"rendered":"About"},"content":{"rendered":"\n\n\n\n\n\n\n\n\n\n\n\n\n<h2>O Nas<\/h2>\n\n\n\n<h2>Viridia je studio za zeleni dizajn, specializiran za zelene stene in buti\u010dne vrtove. Verjamemo, da narava ni samo dodatek, temve\u010d klju\u010den element arhitekture in sodobnega \u017eivljenjskega sloga.<br>Na\u0161a vizija je ustvarjanje \u017eivih ambientov, ki zdru\u017eujejo estetiko, trajnost in ekskluzivnost. Vsak projekt je unikat, zasnovan po meri, s poudarkom na dolgoro\u010dni rasti, kakovosti in brez\u010dasni lepoti.<\/h2>\n\n\n\n\n\n\n\n\n\n\n\n<h2>Mnenja strank<\/h2>\n\n\n\n\n\n\n\n\n\n<span style=\"color:#bbbbbb\">Z Viridio smo lahko oblikovali prostor, ki nas vsak dan navdu\u0161uje. Njihov tim je bil izjemen in profesionalen!<\/span>\n\n\n\n\n\n\n\n<span style=\"color:#bbbbbb\">Zelene stene so dodale povsem nov pogled na na\u0161 dom. Hvale\u017eni smo za \u010dudovito izvedbo!<\/span>\n\n\n\n\n\n\n\n\n\n<h2>Statistika<\/h2>\n\n\n\n<h2>Preverite, kako smo uspeli spremeniti prostore in\u017eivljenja.<\/h2>\n\n\n\n\n\n\n\n\n\n\n\n\n\n\n\n\n\n\n\n\n\n\n\n\n\n\n\n\n\n\n\n\n\n<h2>Na\u0161a Izjemnost<\/h2>\n\n\n\n<h2>Na\u0161e zasnove temeljijo na trajnostnih praksah, ki podpirajo okolje in va\u0161o zdravje.<\/h2>\n\n\n\n\n","protected":false},"excerpt":{"rendered":"","protected":false},"author":1,"featured_media":0,"parent":0,"menu_order":0,"comment_status":"closed","ping_status":"closed","template":"","meta":{"pagelayer_contact_templates":[],"_pagelayer_content":"","footnotes":""},"class_list":["post-28","page","type-page","status-publish","hentry"],"_links":{"self":[{"href":"https:\/\/viridia.si\/index.php?rest_route=\/wp\/v2\/pages\/28","targetHints":{"allow":["GET"]}}],"collection":[{"href":"https:\/\/viridia.si\/index.php?rest_route=\/wp\/v2\/pages"}],"about":[{"href":"https:\/\/viridia.si\/index.php?rest_route=\/wp\/v2\/types\/page"}],"author":[{"embeddable":true,"href":"https:\/\/viridia.si\/index.php?rest_route=\/wp\/v2\/users\/1"}],"replies":[{"embeddable":true,"href":"https:\/\/viridia.si\/index.php?rest_route=%2Fwp%2Fv2%2Fcomments&post=28"}],"version-history":[{"count":1,"href":"https:\/\/viridia.si\/index.php?rest_route=\/wp\/v2\/pages\/28\/revisions"}],"predecessor-version":[{"id":44,"href":"https:\/\/viridia.si\/index.php?rest_route=\/wp\/v2\/pages\/28\/revisions\/44"}],"wp:attachment":[{"href":"https:\/\/viridia.si\/index.php?rest_route=%2Fwp%2Fv2%2Fmedia&parent=28"}],"curies":[{"name":"wp","href":"https:\/\/api.w.org\/{rel}","templated":true}]}}